{"id":431,"date":"2022-05-02T19:44:18","date_gmt":"2022-05-02T19:44:18","guid":{"rendered":"http:\/\/frankotattoo.com\/?page_id=431"},"modified":"2025-08-07T19:21:25","modified_gmt":"2025-08-07T19:21:25","slug":"blog","status":"publish","type":"page","link":"https:\/\/frankotattoo.com\/es\/blog\/","title":{"rendered":"Art\u00edculos"},"content":{"rendered":"<div data-elementor-type=\"wp-page\" data-elementor-id=\"431\" class=\"elementor elementor-431\">\n\t\t\t\t\t\t<section class=\"elementor-section elementor-top-section elementor-element elementor-element-5fd446f elementor-section-boxed elementor-section-height-default elementor-section-height-default wpr-particle-no wpr-jarallax-no wpr-parallax-no wpr-sticky-section-no\" data-id=\"5fd446f\" data-element_type=\"section\" data-e-type=\"section\">\n\t\t\t\t\t\t<div class=\"elementor-container elementor-column-gap-custom\">\n\t\t\t\t\t<div class=\"elementor-column elementor-col-50 elementor-top-column elementor-element elementor-element-8bd03e8\" data-id=\"8bd03e8\" data-element_type=\"column\" data-e-type=\"column\">\n\t\t\t<div class=\"elementor-widget-wrap elementor-element-populated\">\n\t\t\t\t\t\t<div class=\"elementor-element elementor-element-2c0d7c8 elementor-widget elementor-widget-gutenberg-post-blocks\" data-id=\"2c0d7c8\" data-element_type=\"widget\" data-e-type=\"widget\" data-widget_type=\"gutenberg-post-blocks.default\">\n\t\t\t\t<div class=\"elementor-widget-container\">\n\t\t\t\t\t<div class=\"ultp-shortcode\" data-postid=\"458\"><div  class=\"ultp-post-grid-block wp-block-ultimate-post-post-list-3 ultp-block-a91f85\"><div class=\"ultp-block-wrapper\"><div class=\"ultp-loading\"><div class=\"ultp-loading-blocks\" style=\"width:100%;height:100%;\"><div style=\"left: 0;top: 0;animation-delay:0s;\"><\/div><div style=\"left: 21px;top: 0;animation-delay:0.125s;\"><\/div><div style=\"left: 42px;top: 0;animation-delay:0.25s;\"><\/div><div style=\"left: 0;top: 21px;animation-delay:0.875s;\"><\/div><div style=\"left: 42px;top: 21px;animation-delay:0.375s;\"><\/div><div style=\"left: 0;top: 42px;animation-delay:0.75s;\"><\/div><div style=\"left: 42px;top: 42px;animation-delay:0.625s;\"><\/div><div style=\"left: 21px;top: 42px;animation-delay:0.5s;\"><\/div><\/div><\/div><div class=\"ultp-heading-filter\"><div class=\"ultp-heading-filter-in\"><div class=\"ultp-filter-navigation\"><\/div><\/div><\/div><div class=\"ultp-block-items-wrap ultp-block-row ultp-block-column-1 ultp-block-content-top ultp-layout1\"><div class=\"ultp-block-item ultp-block-media post-id-1507\"><div class=\"ultp-block-content-wrap\"><div class=\"ultp-block-image ultp-block-image-zoomIn\"><a href=\"https:\/\/frankotattoo.com\/es\/couples-tattoos\/\" ><img decoding=\"async\"  alt=\"A Canvas for Love and Commitment\"  src=\"https:\/\/frankotattoo.com\/wp-content\/uploads\/2023\/10\/couples-tattoos.png\" \/><\/a><\/div><div class=\"ultp-block-content\"><h2 class=\"ultp-block-title\"><a href=\"https:\/\/frankotattoo.com\/es\/couples-tattoos\/\" >Un lienzo para el amor y el compromiso<\/a><\/h2><div class=\"ultp-block-meta ultp-block-meta-dot ultp-block-meta-icon\"><span class=\"ultp-block-date ultp-block-meta-element\"><svg xmlns=\"http:\/\/www.w3.org\/2000\/svg\" fill=\"none\" viewbox=\"0 0 24 24\">\n  <path stroke=\"currentColor\" stroke-linecap=\"round\" stroke-linejoin=\"round\" stroke-width=\"1.5\" d=\"M3 5.5a2 2 0 0 1 2-2h14a2 2 0 0 1 2 2v14a2 2 0 0 1-2 2H5a2 2 0 0 1-2-2v-14ZM8 2v3m8-3v3M3 9h18\"\/>\n<\/svg>\nOct 30, 2023<\/span><\/div><div class=\"ultp-block-excerpt\"><p>Sellando el amor de manera \u00fanica e inolvidable, los tatuajes en pareja se destacan como un verdadero testimonio de compromiso. Una antigua tradici\u00f3n con un giro moderno, los tatuajes en pareja son una hermosa forma de expresar su amor...<\/p>\n<\/div><div class=\"ultp-block-readmore\"><a aria-label=\"Un lienzo para el amor y el compromiso\" href=\"https:\/\/frankotattoo.com\/es\/couples-tattoos\/\" >Leer m\u00e1s<\/a><\/div><\/div><\/div><\/div><div class=\"ultp-block-item ultp-block-media post-id-1503\"><div class=\"ultp-block-content-wrap\"><div class=\"ultp-block-image ultp-block-image-zoomIn\"><a href=\"https:\/\/frankotattoo.com\/es\/first-tattoo\/\" ><img decoding=\"async\"  alt=\"Is it your first time?\"  src=\"https:\/\/frankotattoo.com\/wp-content\/uploads\/2023\/10\/first-tattoo.png\" \/><\/a><\/div><div class=\"ultp-block-content\"><h2 class=\"ultp-block-title\"><a href=\"https:\/\/frankotattoo.com\/es\/first-tattoo\/\" >\u00bfEs tu primera vez?<\/a><\/h2><div class=\"ultp-block-meta ultp-block-meta-dot ultp-block-meta-icon\"><span class=\"ultp-block-date ultp-block-meta-element\"><svg xmlns=\"http:\/\/www.w3.org\/2000\/svg\" fill=\"none\" viewbox=\"0 0 24 24\">\n  <path stroke=\"currentColor\" stroke-linecap=\"round\" stroke-linejoin=\"round\" stroke-width=\"1.5\" d=\"M3 5.5a2 2 0 0 1 2-2h14a2 2 0 0 1 2 2v14a2 2 0 0 1-2 2H5a2 2 0 0 1-2-2v-14ZM8 2v3m8-3v3M3 9h18\"\/>\n<\/svg>\nOct 30, 2023<\/span><\/div><div class=\"ultp-block-excerpt\"><p>\u00bfEres de los que cree que un tatuaje es solo tinta y piel? Pi\u00e9nsalo de nuevo. Ya sea que veas los tatuajes como una forma de expresi\u00f3n art\u00edstica o como un hito personal, es crucial que te prepares adecuadamente antes de adentrarte en este mundo asombroso...<\/p>\n<\/div><div class=\"ultp-block-readmore\"><a aria-label=\"\u00bfEs tu primera vez?\" href=\"https:\/\/frankotattoo.com\/es\/first-tattoo\/\" >Leer m\u00e1s<\/a><\/div><\/div><\/div><\/div><div class=\"ultp-block-item ultp-block-media post-id-1474\"><div class=\"ultp-block-content-wrap\"><div class=\"ultp-block-image ultp-block-image-zoomIn\"><a href=\"https:\/\/frankotattoo.com\/es\/tattoo-needles-learn-more\/\" ><img decoding=\"async\"  alt=\"Tattoo needles: Learn More!\"  src=\"https:\/\/frankotattoo.com\/wp-content\/uploads\/2023\/05\/tattoo-needles-learn-more.jpg\" \/><\/a><\/div><div class=\"ultp-block-content\"><h2 class=\"ultp-block-title\"><a href=\"https:\/\/frankotattoo.com\/es\/tattoo-needles-learn-more\/\" >Agujas de tatuaje: Aprende!<\/a><\/h2><div class=\"ultp-block-meta ultp-block-meta-dot ultp-block-meta-icon\"><span class=\"ultp-block-date ultp-block-meta-element\"><svg xmlns=\"http:\/\/www.w3.org\/2000\/svg\" fill=\"none\" viewbox=\"0 0 24 24\">\n  <path stroke=\"currentColor\" stroke-linecap=\"round\" stroke-linejoin=\"round\" stroke-width=\"1.5\" d=\"M3 5.5a2 2 0 0 1 2-2h14a2 2 0 0 1 2 2v14a2 2 0 0 1-2 2H5a2 2 0 0 1-2-2v-14ZM8 2v3m8-3v3M3 9h18\"\/>\n<\/svg>\nMay 24, 2023<\/span><\/div><div class=\"ultp-block-excerpt\"><p>Las agujas son una parte fundamental de cualquier proceso de tatuaje. Son responsables de depositar la tinta debajo de la piel y son una de las principales herramientas que utiliza un tatuador para crear dise\u00f1os duraderos y precisos. Hay varios tipos de agujas disponibles en el mercado, cada una con un prop\u00f3sito espec\u00edfico...<\/p>\n<\/div><div class=\"ultp-block-readmore\"><a aria-label=\"Agujas de tatuaje: Aprende!\" href=\"https:\/\/frankotattoo.com\/es\/tattoo-needles-learn-more\/\" >Leer m\u00e1s<\/a><\/div><\/div><\/div><\/div><div class=\"ultp-block-item ultp-block-media post-id-1401\"><div class=\"ultp-block-content-wrap\"><div class=\"ultp-block-image ultp-block-image-zoomIn\"><a href=\"https:\/\/frankotattoo.com\/es\/small-and-super-sexy-tattoo-ideas-that-every-woman-should-try-2\/\" ><img decoding=\"async\"  alt=\"Small and super sexy tattoo ideas that every woman should try.\"  src=\"https:\/\/frankotattoo.com\/wp-content\/uploads\/2022\/05\/post_04_05_22-I.jpg\" \/><\/a><\/div><div class=\"ultp-block-content\"><h2 class=\"ultp-block-title\"><a href=\"https:\/\/frankotattoo.com\/es\/small-and-super-sexy-tattoo-ideas-that-every-woman-should-try-2\/\" >Ideas de tatuajes peque\u00f1os y s\u00faper sexys que toda mujer debe intentar.<\/a><\/h2><div class=\"ultp-block-meta ultp-block-meta-dot ultp-block-meta-icon\"><span class=\"ultp-block-date ultp-block-meta-element\"><svg xmlns=\"http:\/\/www.w3.org\/2000\/svg\" fill=\"none\" viewbox=\"0 0 24 24\">\n  <path stroke=\"currentColor\" stroke-linecap=\"round\" stroke-linejoin=\"round\" stroke-width=\"1.5\" d=\"M3 5.5a2 2 0 0 1 2-2h14a2 2 0 0 1 2 2v14a2 2 0 0 1-2 2H5a2 2 0 0 1-2-2v-14ZM8 2v3m8-3v3M3 9h18\"\/>\n<\/svg>\nOct 31, 2022<\/span><\/div><div class=\"ultp-block-excerpt\"><p>Elegir el dise\u00f1o un tatuaje peque\u00f1o para mujer no siempre es lo m\u00e1s sencillo, ya que debes considerar muchas cosas, desde el tipo de l\u00ednea, tama\u00f1o, color, lugar donde te lo vas a hacer (sobre todo por la dosis de dolor que implica), etc...<\/p>\n<\/div><div class=\"ultp-block-readmore\"><a aria-label=\"Ideas de tatuajes peque\u00f1os y s\u00faper sexys que toda mujer debe intentar.\" href=\"https:\/\/frankotattoo.com\/es\/small-and-super-sexy-tattoo-ideas-that-every-woman-should-try-2\/\" >Leer m\u00e1s<\/a><\/div><\/div><\/div><\/div><div class=\"ultp-block-item ultp-block-media post-id-1399\"><div class=\"ultp-block-content-wrap\"><div class=\"ultp-block-image ultp-block-image-zoomIn\"><a href=\"https:\/\/frankotattoo.com\/es\/small-meaningful-women-tats-part-2\/\" ><img decoding=\"async\"  alt=\"Small Meaningful Women Tats, Part 2\"  src=\"https:\/\/frankotattoo.com\/wp-content\/uploads\/2022\/08\/post_31-07-22-II-1.jpg\" \/><\/a><\/div><div class=\"ultp-block-content\"><h2 class=\"ultp-block-title\"><a href=\"https:\/\/frankotattoo.com\/es\/small-meaningful-women-tats-part-2\/\" >Tatuajes peque\u00f1os para mujeres y su significado, parte 2<\/a><\/h2><div class=\"ultp-block-meta ultp-block-meta-dot ultp-block-meta-icon\"><span class=\"ultp-block-date ultp-block-meta-element\"><svg xmlns=\"http:\/\/www.w3.org\/2000\/svg\" fill=\"none\" viewbox=\"0 0 24 24\">\n  <path stroke=\"currentColor\" stroke-linecap=\"round\" stroke-linejoin=\"round\" stroke-width=\"1.5\" d=\"M3 5.5a2 2 0 0 1 2-2h14a2 2 0 0 1 2 2v14a2 2 0 0 1-2 2H5a2 2 0 0 1-2-2v-14ZM8 2v3m8-3v3M3 9h18\"\/>\n<\/svg>\nOct 31, 2022<\/span><\/div><div class=\"ultp-block-excerpt\"><p>Los tatuajes y dibujos han decorado nuestro cuerpo desde el inicio de las civilizaciones como un medio de expresi\u00f3n individual y colectiva. A d\u00eda de hoy, seguimos utilizando esta t\u00e9cnica y podr\u00edamos decir que se han puesto incluso de moda; si no, mira en tu grupo de amigos y seguramente ver\u00e1s que ya m\u00e1s de uno se ha hecho un tatuaje...<\/p>\n<\/div><div class=\"ultp-block-readmore\"><a aria-label=\"Tatuajes peque\u00f1os para mujeres y su significado, parte 2\" href=\"https:\/\/frankotattoo.com\/es\/small-meaningful-women-tats-part-2\/\" >Leer m\u00e1s<\/a><\/div><\/div><\/div><\/div><\/div><div class=\"ultp-pagination-wrap ultp-pagination-ajax-action\" data-paged=\"1\" data-expost=\"\"  data-blockid=\"a91f85\" data-postid=\"458\" data-pages=\"3\" data-blockname=\"ultimate-post_post-list-3\" data-selfpostid=\"no\"><ul class=\"ultp-pagination\"><li class=\"ultp-prev-page-numbers\" style=\"display:none\"><a href=\"https:\/\/frankotattoo.com\/es\/wp-json\/wp\/v2\/pages\/431\/\"><svg xmlns=\"http:\/\/www.w3.org\/2000\/svg\" fill=\"none\" viewbox=\"0 0 24 24\">\n  <path stroke=\"currentColor\" stroke-linecap=\"round\" stroke-linejoin=\"round\" stroke-width=\"1.5\" d=\"m15 18-6-6 6-6\"\/>\n<\/svg>\n <\/a><\/li><li class=\"ultp-center-item pagination-active\" data-current=\"1\"><a href=\"https:\/\/frankotattoo.com\/es\/wp-json\/wp\/v2\/pages\/431\/\">1<\/a><\/li><li class=\"ultp-center-item\" data-current=\"2\" ><a href=\"https:\/\/frankotattoo.com\/es\/wp-json\/wp\/v2\/pages\/431\/page\/2\/\">2<\/a><\/li><li class=\"ultp-center-item\" data-current=\"3\" ><a href=\"https:\/\/frankotattoo.com\/es\/wp-json\/wp\/v2\/pages\/431\/page\/3\/\">3<\/a><\/li><li class=\"ultp-next-page-numbers\"><a href=\"https:\/\/frankotattoo.com\/es\/wp-json\/wp\/v2\/pages\/431\/page\/2\/\"><svg xmlns=\"http:\/\/www.w3.org\/2000\/svg\" fill=\"none\" viewbox=\"0 0 24 24\">\n  <path stroke=\"currentColor\" stroke-linecap=\"round\" stroke-linejoin=\"round\" stroke-width=\"1.5\" d=\"m9 18 6-6-6-6\"\/>\n<\/svg>\n<\/a><\/li><\/ul><\/div><\/div><div class=\"pagination-block-html\" aria-hidden=\"true\" style=\"display: none;\"><\/div><\/div><\/div>\t\t\t\t<\/div>\n\t\t\t\t<\/div>\n\t\t\t\t\t<\/div>\n\t\t<\/div>\n\t\t\t\t<div class=\"elementor-column elementor-col-50 elementor-top-column elementor-element elementor-element-6d48999\" data-id=\"6d48999\" data-element_type=\"column\" data-e-type=\"column\">\n\t\t\t<div class=\"elementor-widget-wrap elementor-element-populated\">\n\t\t\t\t\t\t<div class=\"elementor-element elementor-element-8ea48bb neve-recent-post elementor-widget elementor-widget-wp-widget-recent-posts\" data-id=\"8ea48bb\" data-element_type=\"widget\" data-e-type=\"widget\" data-widget_type=\"wp-widget-recent-posts.default\">\n\t\t\t\t<div class=\"elementor-widget-container\">\n\t\t\t\t\t\n\t\t\n\t\t<h5>Entradas recientes<\/h5>\n\t\t<ul>\n\t\t\t\t\t\t\t\t\t\t\t<li>\n\t\t\t\t\t<a href=\"https:\/\/frankotattoo.com\/es\/couples-tattoos\/\">Un lienzo para el amor y el compromiso<\/a>\n\t\t\t\t\t\t\t\t\t\t\t<span class=\"post-date\">octubre 30, 2023<\/span>\n\t\t\t\t\t\t\t\t\t<\/li>\n\t\t\t\t\t\t\t\t\t\t\t<li>\n\t\t\t\t\t<a href=\"https:\/\/frankotattoo.com\/es\/first-tattoo\/\">\u00bfEs tu primera vez?<\/a>\n\t\t\t\t\t\t\t\t\t\t\t<span class=\"post-date\">octubre 30, 2023<\/span>\n\t\t\t\t\t\t\t\t\t<\/li>\n\t\t\t\t\t\t\t\t\t\t\t<li>\n\t\t\t\t\t<a href=\"https:\/\/frankotattoo.com\/es\/tattoo-needles-learn-more\/\">Agujas de tatuaje: Aprende!<\/a>\n\t\t\t\t\t\t\t\t\t\t\t<span class=\"post-date\">mayo 24, 2023<\/span>\n\t\t\t\t\t\t\t\t\t<\/li>\n\t\t\t\t\t\t\t\t\t\t\t<li>\n\t\t\t\t\t<a href=\"https:\/\/frankotattoo.com\/es\/small-and-super-sexy-tattoo-ideas-that-every-woman-should-try-2\/\">Ideas de tatuajes peque\u00f1os y s\u00faper sexys que toda mujer debe intentar.<\/a>\n\t\t\t\t\t\t\t\t\t\t\t<span class=\"post-date\">octubre 31, 2022<\/span>\n\t\t\t\t\t\t\t\t\t<\/li>\n\t\t\t\t\t\t\t\t\t\t\t<li>\n\t\t\t\t\t<a href=\"https:\/\/frankotattoo.com\/es\/small-meaningful-women-tats-part-2\/\">Tatuajes peque\u00f1os para mujeres y su significado, parte 2<\/a>\n\t\t\t\t\t\t\t\t\t\t\t<span class=\"post-date\">octubre 31, 2022<\/span>\n\t\t\t\t\t\t\t\t\t<\/li>\n\t\t\t\t\t<\/ul>\n\n\t\t\t\t\t\t<\/div>\n\t\t\t\t<\/div>\n\t\t\t\t\t<\/div>\n\t\t<\/div>\n\t\t\t\t\t<\/div>\n\t\t<\/section>\n\t\t\t\t<\/div>","protected":false},"excerpt":{"rendered":"<p>A Canvas for Love and Commitment Oct 30, 2023 Sealing love in a unique and unforgettable way, couple tattoos stand out as a true testament to commitment. An ancient tradition with a modern twist, couple tattoos are a beautiful way to express your love. It&#8217;s not just about wearing&hellip; Read More Is it your first time? Oct 30, 2023 Are you one of those who think a tattoo is just ink and skin? Think again. Whether you see tattoos as a form of artistic expression or as a personal milestone, it&#8217;s crucial that you prepare yourself properly before delving&hellip; Read More Tattoo needles: Learn More! May 24, 2023 Needles are a fundamental part of any tattooing process. They are responsible for depositing the ink under the skin and are one of the main tools a tattoo artist uses to create durable and precise designs. There are several types&hellip; Read More Small and super sexy tattoo ideas that every woman should try. Oct 31, 2022 Choosing a small tattoo design for women is not always the easiest thing to do, since you must consider many things, from the type of line, size, color, place where you are going to do it (especially for the amount&hellip; Read More Small Meaningful Women Tats, Part 2 Oct 31, 2022 Tattoos and drawings have decorated our body since the beginning of civilizations as a means of individual and collective expression. To this day, we still use this technique and we could say that they have even become fashionable; if not,&hellip; Read More 1 2 3<\/p>","protected":false},"author":1,"featured_media":0,"parent":0,"menu_order":0,"comment_status":"closed","ping_status":"closed","template":"page-templates\/template-pagebuilder-full-width.php","meta":{"_eb_attr":"","_s2mail":"yes","neve_meta_sidebar":"","neve_meta_container":"","neve_meta_enable_content_width":"","neve_meta_content_width":0,"neve_meta_title_alignment":"","neve_meta_author_avatar":"","neve_post_elements_order":"","neve_meta_disable_header":"","neve_meta_disable_footer":"","neve_meta_disable_title":"","_joinchat":[],"footnotes":""},"class_list":["post-431","page","type-page","status-publish","hentry"],"_links":{"self":[{"href":"https:\/\/frankotattoo.com\/es\/wp-json\/wp\/v2\/pages\/431","targetHints":{"allow":["GET"]}}],"collection":[{"href":"https:\/\/frankotattoo.com\/es\/wp-json\/wp\/v2\/pages"}],"about":[{"href":"https:\/\/frankotattoo.com\/es\/wp-json\/wp\/v2\/types\/page"}],"author":[{"embeddable":true,"href":"https:\/\/frankotattoo.com\/es\/wp-json\/wp\/v2\/users\/1"}],"replies":[{"embeddable":true,"href":"https:\/\/frankotattoo.com\/es\/wp-json\/wp\/v2\/comments?post=431"}],"version-history":[{"count":78,"href":"https:\/\/frankotattoo.com\/es\/wp-json\/wp\/v2\/pages\/431\/revisions"}],"predecessor-version":[{"id":1933,"href":"https:\/\/frankotattoo.com\/es\/wp-json\/wp\/v2\/pages\/431\/revisions\/1933"}],"wp:attachment":[{"href":"https:\/\/frankotattoo.com\/es\/wp-json\/wp\/v2\/media?parent=431"}],"curies":[{"name":"wp","href":"https:\/\/api.w.org\/{rel}","templated":true}]}}