{"id":129,"date":"2022-04-26T01:29:19","date_gmt":"2022-04-26T01:29:19","guid":{"rendered":"http:\/\/frankotattoo.com\/?page_id=129"},"modified":"2022-08-08T18:17:08","modified_gmt":"2022-08-08T18:17:08","slug":"about-me","status":"publish","type":"page","link":"https:\/\/frankotattoo.com\/es\/about-me\/","title":{"rendered":"Sobre m\u00ed"},"content":{"rendered":"<div data-elementor-type=\"wp-page\" data-elementor-id=\"129\" class=\"elementor elementor-129\">\n\t\t\t\t\t\t<section class=\"elementor-section elementor-top-section elementor-element elementor-element-de6d1e4 elementor-section-height-min-height elementor-section-boxed elementor-section-height-default elementor-section-items-middle wpr-particle-no wpr-jarallax-no wpr-parallax-no wpr-sticky-section-no\" data-id=\"de6d1e4\" data-element_type=\"section\" data-e-type=\"section\" data-settings=\"{&quot;background_background&quot;:&quot;classic&quot;}\">\n\t\t\t\t\t\t<div class=\"elementor-container elementor-column-gap-default\">\n\t\t\t\t\t<div class=\"elementor-column elementor-col-50 elementor-top-column elementor-element elementor-element-1260491\" data-id=\"1260491\" data-element_type=\"column\" data-e-type=\"column\">\n\t\t\t<div class=\"elementor-widget-wrap elementor-element-populated\">\n\t\t\t\t\t\t<div class=\"elementor-element elementor-element-8667209 elementor-widget elementor-widget-image\" data-id=\"8667209\" data-element_type=\"widget\" data-e-type=\"widget\" data-widget_type=\"image.default\">\n\t\t\t\t<div class=\"elementor-widget-container\">\n\t\t\t\t\t\t\t\t\t\t\t\t\t\t\t<img fetchpriority=\"high\" decoding=\"async\" width=\"768\" height=\"909\" src=\"https:\/\/frankotattoo.com\/wp-content\/uploads\/2022\/04\/contact-768x909.jpg\" class=\"attachment-medium_large size-medium_large wp-image-105\" alt=\"\" srcset=\"https:\/\/frankotattoo.com\/wp-content\/uploads\/2022\/04\/contact-768x909.jpg 768w, https:\/\/frankotattoo.com\/wp-content\/uploads\/2022\/04\/contact-253x300.jpg 253w, https:\/\/frankotattoo.com\/wp-content\/uploads\/2022\/04\/contact-865x1024.jpg 865w, https:\/\/frankotattoo.com\/wp-content\/uploads\/2022\/04\/contact-1298x1536.jpg 1298w, https:\/\/frankotattoo.com\/wp-content\/uploads\/2022\/04\/contact-1730x2048.jpg 1730w, https:\/\/frankotattoo.com\/wp-content\/uploads\/2022\/04\/contact-600x710.jpg 600w\" sizes=\"(max-width: 768px) 100vw, 768px\" \/>\t\t\t\t\t\t\t\t\t\t\t\t\t\t\t<\/div>\n\t\t\t\t<\/div>\n\t\t\t\t\t<\/div>\n\t\t<\/div>\n\t\t\t\t<div class=\"elementor-column elementor-col-50 elementor-top-column elementor-element elementor-element-fbde6ad\" data-id=\"fbde6ad\" data-element_type=\"column\" data-e-type=\"column\">\n\t\t\t<div class=\"elementor-widget-wrap elementor-element-populated\">\n\t\t\t\t\t\t<div class=\"elementor-element elementor-element-fb0ccb0 elementor-widget elementor-widget-heading\" data-id=\"fb0ccb0\" data-element_type=\"widget\" data-e-type=\"widget\" data-widget_type=\"heading.default\">\n\t\t\t\t<div class=\"elementor-widget-container\">\n\t\t\t\t\t<h1 class=\"elementor-heading-title elementor-size-default\">Sobre m\u00ed<\/h1>\t\t\t\t<\/div>\n\t\t\t\t<\/div>\n\t\t\t\t<div class=\"elementor-element elementor-element-b4dc2f6 elementor-widget elementor-widget-text-editor\" data-id=\"b4dc2f6\" data-element_type=\"widget\" data-e-type=\"widget\" data-widget_type=\"text-editor.default\">\n\t\t\t\t<div class=\"elementor-widget-container\">\n\t\t\t\t\t\t\t\t\t<p>Mis comienzos en el arte fueron cuando a\u00fan era un ni\u00f1o, a los 7 a\u00f1os le hac\u00eda dibujos a mis amigos de sus superh\u00e9roes favoritos y ellos quedaban encantados,\nven\u00edan ni\u00f1os de otras aulas con sus libretas para que le realizara y se hac\u00edan largas\nfilas, todos quer\u00edan un superh\u00e9roe. Esto me hac\u00eda sentir bien, soy cubano y\nmediante el dibujo era la \u00fanica manera de que un ni\u00f1o de esa regi\u00f3n pudiera tener a\nsus \u00eddolos de aquel entonces. Fui creciendo, mientras mis amigos hac\u00edan deportes,\nyo me compromet\u00eda m\u00e1s con el dibujo.<\/p><p>Mi primer logro fue entrar a la escuela de arte en la especialidad de artes pl\u00e1sticas. Tuve acercamiento a varias manifestaciones art\u00edsticas y se convirti\u00f3 en mi segunda pasi\u00f3n, la m\u00fasica. Pude desarrollar mis habilidades como artista pl\u00e1stico, las que me llevaron a obtener varios premios y reconocimientos. Cuando culmin\u00e9 la escuela incursion\u00e9 en una banda fusi\u00f3n de hip hop con funk llamada \u201cCalle libre \u201c, pero al mismo tiempo segu\u00ed trabajando con varios artistas de las artes pl\u00e1sticas. De los cuales aprend\u00ed mucho como Jorge Dumenigo.<\/p>\t\t\t\t\t\t\t\t<\/div>\n\t\t\t\t<\/div>\n\t\t\t\t\t<\/div>\n\t\t<\/div>\n\t\t\t\t\t<\/div>\n\t\t<\/section>\n\t\t\t\t<section class=\"elementor-section elementor-top-section elementor-element elementor-element-582f0e5 elementor-section-boxed elementor-section-height-default elementor-section-height-default wpr-particle-no wpr-jarallax-no wpr-parallax-no wpr-sticky-section-no\" data-id=\"582f0e5\" data-element_type=\"section\" data-e-type=\"section\" data-settings=\"{&quot;background_background&quot;:&quot;classic&quot;}\">\n\t\t\t\t\t\t<div class=\"elementor-container elementor-column-gap-default\">\n\t\t\t\t\t<div class=\"elementor-column elementor-col-100 elementor-top-column elementor-element elementor-element-42697e8\" data-id=\"42697e8\" data-element_type=\"column\" data-e-type=\"column\">\n\t\t\t<div class=\"elementor-widget-wrap elementor-element-populated\">\n\t\t\t\t\t\t<div class=\"elementor-element elementor-element-858a481 elementor-widget elementor-widget-text-editor\" data-id=\"858a481\" data-element_type=\"widget\" data-e-type=\"widget\" data-widget_type=\"text-editor.default\">\n\t\t\t\t<div class=\"elementor-widget-container\">\n\t\t\t\t\t\t\t\t\t<p>Luego de una traves\u00eda muy dura logr\u00e9 llegar a los Estados Unidos, donde el arte tambi\u00e9n fue mi arma para subsistir. Comenc\u00e9 pintando murales en Nueva York donde tuve la oportunidad de conocer a un gran amigo y mentor en el arte del tatuaje: \u201cJohnny Ford\u201d. Descubr\u00ed en ese momento que mi gran pasi\u00f3n era plasmar en la piel de las personas eso que era importante para ellos. Era ese arte que no muere en una galer\u00eda si no que te lo puedes encontrar en cualquier sitio. Dej\u00e9 todos mis proyectos y me sumerg\u00ed en este hermoso mundo del tatuaje donde hoy obtengo grandes logros y siento que est\u00e1n por venir muchos m\u00e1s. Ya son 20 a\u00f1os de experiencia art\u00edstica que me sirven para saber que pertenezco aqu\u00ed.<\/p>\t\t\t\t\t\t\t\t<\/div>\n\t\t\t\t<\/div>\n\t\t\t\t\t<\/div>\n\t\t<\/div>\n\t\t\t\t\t<\/div>\n\t\t<\/section>\n\t\t\t\t<\/div>","protected":false},"excerpt":{"rendered":"<p>About Me My beginnings in art were when I was still a child, at the age of 7 years old I used to draw my friends; I used to make drawings for my pals, I would draw their favorite superheroes and they were always delighted; I can remember children from other classrooms would come with their notebooks for me to draw and there would be long lines, everyone wanted a superhero from me. This made me feel good, I am Cuban and drawing was the only way a child from that region could have his idols in posters back then. I grew up and, while my friends were playing sports, I became more committed to drawing. My first achievement was entering to art school, in the plastic arts specialty program. I got closer to several art manifestations and music became my second passion. I was able to develop my skills as a plastic artist, which led me to obtain several awards and recognitions. When I finished school I joined a funk hip hop fusion band called \u201cCalle libre\u201d, however I always continued working with several artists in the visual arts; from whom I learned a lot, like Jorge Dumenigo. After a very hard journey, I managed to get to the United States, where art was also my weapon and shield, in order to survive. I started painting murals in New York City where I had the opportunity to meet a great friend and mentor in the art of tattooing: Jhonny Ford. I discovered at that moment that my great passion was to capture on people&#8217;s skin what was important for them. It was that art that doesn&#8217;t die in a gallery, but you can find it anywhere. I quitted all my other projects and I immersed myself in that beautiful world of tattooing; today I have reached great achievements by pursuing what I discovered was my dreamed job. I already have 20 years of artistic experience and I know that I belong here.<\/p>","protected":false},"author":1,"featured_media":0,"parent":0,"menu_order":0,"comment_status":"closed","ping_status":"closed","template":"page-templates\/template-pagebuilder-full-width.php","meta":{"_eb_attr":"","_s2mail":"yes","neve_meta_sidebar":"","neve_meta_container":"","neve_meta_enable_content_width":"","neve_meta_content_width":0,"neve_meta_title_alignment":"","neve_meta_author_avatar":"","neve_post_elements_order":"","neve_meta_disable_header":"","neve_meta_disable_footer":"","neve_meta_disable_title":"","_joinchat":[],"footnotes":""},"class_list":["post-129","page","type-page","status-publish","hentry"],"_links":{"self":[{"href":"https:\/\/frankotattoo.com\/es\/wp-json\/wp\/v2\/pages\/129","targetHints":{"allow":["GET"]}}],"collection":[{"href":"https:\/\/frankotattoo.com\/es\/wp-json\/wp\/v2\/pages"}],"about":[{"href":"https:\/\/frankotattoo.com\/es\/wp-json\/wp\/v2\/types\/page"}],"author":[{"embeddable":true,"href":"https:\/\/frankotattoo.com\/es\/wp-json\/wp\/v2\/users\/1"}],"replies":[{"embeddable":true,"href":"https:\/\/frankotattoo.com\/es\/wp-json\/wp\/v2\/comments?post=129"}],"version-history":[{"count":68,"href":"https:\/\/frankotattoo.com\/es\/wp-json\/wp\/v2\/pages\/129\/revisions"}],"predecessor-version":[{"id":1231,"href":"https:\/\/frankotattoo.com\/es\/wp-json\/wp\/v2\/pages\/129\/revisions\/1231"}],"wp:attachment":[{"href":"https:\/\/frankotattoo.com\/es\/wp-json\/wp\/v2\/media?parent=129"}],"curies":[{"name":"wp","href":"https:\/\/api.w.org\/{rel}","templated":true}]}}